{"id":15553,"date":"2019-03-13T14:02:23","date_gmt":"2019-03-13T14:02:23","guid":{"rendered":"http:\/\/www.emsacap.com\/?page_id=15553"},"modified":"2019-03-13T14:35:56","modified_gmt":"2019-03-13T14:35:56","slug":"imprint","status":"publish","type":"page","link":"https:\/\/www.emsacap.com\/index.php\/contact\/imprint\/","title":{"rendered":"Imprint"},"content":{"rendered":"<p><strong>IMPRESSUM<\/strong><\/p>\n<p><strong>der<\/strong><\/p>\n<p><strong>EMSA Capital GMBH<\/strong><\/p>\n<p>&nbsp;<\/p>\n<p>Angaben gem\u00e4\u00df \u00a7\u00a014\u00a0UGB, \u00a7\u00a025\u00a0MedienG und \u00a7\u00a05\u00a0ECG<\/p>\n<p>&nbsp;<\/p>\n<p><strong>EMSA Capital GmbH<\/strong><\/p>\n<p>Gesellschaft mit beschr\u00e4nkter Haftung<\/p>\n<p><u>UID-Nr.<\/u>: ATU 65543511<\/p>\n<p><u>Firmenbuchgericht<\/u>: Handelsgericht Wien FN\u00a0337464<\/p>\n<p>&nbsp;<\/p>\n<p><u>Firmensitz<\/u>:\u00a0\u00a0\u00a0\u00a0\u00a0\u00a0\u00a0\u00a0\u00a0\u00a0\u00a0\u00a0\u00a0\u00a0\u00a0 Wien<\/p>\n<p><u>Adresse<\/u>:\u00a0\u00a0\u00a0\u00a0\u00a0\u00a0\u00a0\u00a0\u00a0\u00a0\u00a0\u00a0\u00a0\u00a0\u00a0\u00a0\u00a0\u00a0\u00a0Renngasse 14, Top\u00a052,<\/p>\n<p>1010\u00a0Wien<\/p>\n<p><u>Kontaktdaten<\/u>:\u00a0\u00a0\u00a0\u00a0\u00a0\u00a0\u00a0\u00a0\u00a0\u00a0 Tel.:\u00a0\u00a0\u00a0\u00a0\u00a0+43 (1) 532 04 66 422<\/p>\n<p>Fax:\u00a0\u00a0\u00a0\u00a0\u00a0 +43\u00a0(1) 532\u00a004\u00a066\u00a0420<\/p>\n<p>E-Mail: office@emsacap.com<\/p>\n<p>&nbsp;<\/p>\n<p>Medieninhaber ist die EMSA Capital GmbH<\/p>\n<p>&nbsp;<\/p>\n<p><u>Haftung<\/u><\/p>\n<p>Die Inhalte unseres Webauftritts wurden mit h\u00f6chster Sorgfalt erstellt, f\u00fcr deren Aktualit\u00e4t, Richtigkeit und Vollst\u00e4ndigkeit \u00fcbernehmen wir jedoch keine Gew\u00e4hr.<\/p>\n<p>&nbsp;<\/p>\n<p><u>Urheberrecht<\/u><\/p>\n<p>Die durch den Websitebetreiber erstellten Inhalte auf dieser Website unterliegen dem \u00f6sterreichischen Urheberrecht. Die Vervielf\u00e4ltigung, Bearbeitung, Verbreitung und jede weitere Art der Verwertung au\u00dferhalb der Grenzen des Urheberrechtes sind nur mit schriftlicher Zustimmung des jeweiligen Urhebers zul\u00e4ssig. Bitte teilen Sie uns mit, wenn Sie auf eine Urheberrechtsverletzung auf unserer Website aufmerksam werden. Bei Rechtsverletzungen unsererseits werden wir die betreffenden Inhalte umgehend von unserer Website entfernen.<\/p>\n","protected":false},"excerpt":{"rendered":"<p>IMPRESSUM der EMSA Capital GMBH &nbsp; Angaben gem\u00e4\u00df \u00a7\u00a014\u00a0UGB, \u00a7\u00a025\u00a0MedienG und \u00a7\u00a05\u00a0ECG &nbsp; EMSA Capital GmbH Gesellschaft mit beschr\u00e4nkter Haftung UID-Nr.: ATU 65543511 Firmenbuchgericht: Handelsgericht Wien FN\u00a0337464 &nbsp; Firmensitz:\u00a0\u00a0\u00a0\u00a0\u00a0\u00a0\u00a0\u00a0\u00a0\u00a0\u00a0\u00a0\u00a0\u00a0\u00a0 Wien Adresse:\u00a0\u00a0\u00a0\u00a0\u00a0\u00a0\u00a0\u00a0\u00a0\u00a0\u00a0\u00a0\u00a0\u00a0\u00a0\u00a0\u00a0\u00a0\u00a0Renngasse 14, Top\u00a052, 1010\u00a0Wien Kontaktdaten:\u00a0\u00a0\u00a0\u00a0\u00a0\u00a0\u00a0\u00a0\u00a0\u00a0 Tel.:\u00a0\u00a0\u00a0\u00a0\u00a0+43 (1) 532 04 66 422 Fax:\u00a0\u00a0\u00a0\u00a0\u00a0 +43\u00a0(1) 532\u00a004\u00a066\u00a0420 E-Mail: office@emsacap.com &nbsp; Medieninhaber ist die EMSA Capital GmbH &nbsp; Haftung&hellip;<\/p>\n","protected":false},"author":1,"featured_media":0,"parent":14956,"menu_order":0,"comment_status":"closed","ping_status":"closed","template":"","meta":[],"_links":{"self":[{"href":"https:\/\/www.emsacap.com\/index.php\/wp-json\/wp\/v2\/pages\/15553"}],"collection":[{"href":"https:\/\/www.emsacap.com\/index.php\/wp-json\/wp\/v2\/pages"}],"about":[{"href":"https:\/\/www.emsacap.com\/index.php\/wp-json\/wp\/v2\/types\/page"}],"author":[{"embeddable":true,"href":"https:\/\/www.emsacap.com\/index.php\/wp-json\/wp\/v2\/users\/1"}],"replies":[{"embeddable":true,"href":"https:\/\/www.emsacap.com\/index.php\/wp-json\/wp\/v2\/comments?post=15553"}],"version-history":[{"count":3,"href":"https:\/\/www.emsacap.com\/index.php\/wp-json\/wp\/v2\/pages\/15553\/revisions"}],"predecessor-version":[{"id":15557,"href":"https:\/\/www.emsacap.com\/index.php\/wp-json\/wp\/v2\/pages\/15553\/revisions\/15557"}],"up":[{"embeddable":true,"href":"https:\/\/www.emsacap.com\/index.php\/wp-json\/wp\/v2\/pages\/14956"}],"wp:attachment":[{"href":"https:\/\/www.emsacap.com\/index.php\/wp-json\/wp\/v2\/media?parent=15553"}],"curies":[{"name":"wp","href":"https:\/\/api.w.org\/{rel}","templated":true}]}}